{"id":2137,"date":"2025-03-19T00:55:41","date_gmt":"2025-03-19T00:55:41","guid":{"rendered":"https:\/\/theiconlyagency.com\/es\/?page_id=2137"},"modified":"2025-05-14T17:43:54","modified_gmt":"2025-05-14T17:43:54","slug":"about","status":"publish","type":"page","link":"https:\/\/theiconlyagency.com\/es\/about\/","title":{"rendered":"About"},"content":{"rendered":"<div class=\"fusion-fullwidth fullwidth-box fusion-builder-row-1 fusion-flex-container video-background nonhundred-percent-fullwidth non-hundred-percent-height-scrolling\" style=\"background-color: rgba(255,255,255,0);background-position: center center;background-repeat: no-repeat;border-width: 0px 0px 0px 0px;border-color:#e2e2e2;border-style:solid;\" ><div class=\"fullwidth-video\"><video preload=\"auto\" autoplay playsinline loop muted><source src=\"https:\/\/theiconlyagency.com\/es\/wp-content\/uploads\/2025\/03\/about-video.mp4\" type=\"video\/mp4\"><\/video><\/div><div class=\"fullwidth-overlay\" style=\"background-color:rgba(255,255,255,0);\"><\/div><div class=\"fusion-builder-row fusion-row fusion-flex-align-items-stretch\" style=\"max-width:1456px;margin-left: calc(-4% \/ 2 );margin-right: calc(-4% \/ 2 );\"><div class=\"fusion-layout-column fusion_builder_column fusion-builder-column-0 fusion_builder_column_1_1 1_1 fusion-flex-column\"><div class=\"fusion-column-wrapper fusion-flex-justify-content-flex-start fusion-content-layout-column\" style=\"background-position:left top;background-repeat:no-repeat;-webkit-background-size:cover;-moz-background-size:cover;-o-background-size:cover;background-size:cover;padding: 0px 0px 0px 0px;\"><div class=\"fusion-separator fusion-no-small-visibility fusion-no-medium-visibility fusion-full-width-sep\" style=\"align-self: center;margin-left: auto;margin-right: auto;margin-bottom:60px;width:100%;\"><\/div><div class=\"fusion-text fusion-text-1\"><h1 style=\"text-align: center;\"><span style=\"color: #ffffff;\">Acerca de The Iconly Agency<\/span><\/h1>\n<h3 style=\"text-align: center;\"><span style=\"color: #ffffff;\">Beneficiate de nuestros 30 a\u00f1os de experiencia combinada en ventas, marketing y gesti\u00f3n.<\/span><\/h3>\n<\/div><div class=\"fusion-text fusion-text-2\"><p style=\"text-align: center;\"><span style=\"color: #ffffff;\">Imagina una carrera donde tu pasi\u00f3n impulse tus ingresos y tu estilo de vida. Y lo mejor de todo es que somos un incre\u00edble equipo solo de mujeres, listas para apoyarte en lo que necesitas. The Iconly Agency lo hace realidad. Garantizamos colaboraciones lucrativas para influencers, permiti\u00e9ndote alcanzar la libertad financiera y disfrutar de la flexibilidad de viajar y pasar tiempo con quienes m\u00e1s te importan.<\/span><\/p>\n<p style=\"text-align: center;\"><span style=\"color: #ffffff;\">The Iconly Agency empodera a influencers para que alcancen la plenitud financiera y<br \/>\npersonal, conect\u00e1ndolas con un trabajo con prop\u00f3sito y rentable. Te ayudamos a alcanzar el estilo de vida de influencer que deseas, permiti\u00e9ndote viajar y convertirte en un VIP.<\/span><\/p>\n<\/div><\/div><\/div><style type=\"text\/css\">.fusion-body .fusion-builder-column-0{width:100% !important;margin-top : 0px;margin-bottom : 20px;}.fusion-builder-column-0 > .fusion-column-wrapper {padding-top : 0px !important;padding-right : 0px !important;margin-right : 1.92%;padding-bottom : 0px !important;padding-left : 0px !important;margin-left : 1.92%;}@media only screen and (max-width:1024px) {.fusion-body .fusion-builder-column-0{width:100% !important;order : 0;}.fusion-builder-column-0 > .fusion-column-wrapper {margin-right : 1.92%;margin-left : 1.92%;}}@media only screen and (max-width:640px) {.fusion-body .fusion-builder-column-0{width:100% !important;order : 0;}.fusion-builder-column-0 > .fusion-column-wrapper {margin-right : 1.92%;margin-left : 1.92%;}}<\/style><div class=\"fusion-layout-column fusion_builder_column fusion-builder-column-1 fusion_builder_column_1_2 1_2 fusion-flex-column\"><div class=\"fusion-column-wrapper fusion-flex-justify-content-flex-start fusion-content-layout-column\" style=\"background-position:left top;background-repeat:no-repeat;-webkit-background-size:cover;-moz-background-size:cover;-o-background-size:cover;background-size:cover;padding: 0px 0px 0px 0px;\"><div ><span class=\" fusion-imageframe imageframe-none imageframe-1 hover-type-none\"><img decoding=\"async\" width=\"1200\" image_height=\"628\" image_id=\"2242\" title=\"Shutterstock_1543616858\" src=\"https:\/\/theiconlyagency.com\/es\/wp-content\/uploads\/2025\/03\/Shutterstock_1543616858.jpg\" class=\"img-responsive wp-image-2242\" srcset=\"https:\/\/theiconlyagency.com\/es\/wp-content\/uploads\/2025\/03\/Shutterstock_1543616858-200x105.jpg 200w, https:\/\/theiconlyagency.com\/es\/wp-content\/uploads\/2025\/03\/Shutterstock_1543616858-400x209.jpg 400w, https:\/\/theiconlyagency.com\/es\/wp-content\/uploads\/2025\/03\/Shutterstock_1543616858-600x314.jpg 600w, https:\/\/theiconlyagency.com\/es\/wp-content\/uploads\/2025\/03\/Shutterstock_1543616858-800x419.jpg 800w, https:\/\/theiconlyagency.com\/es\/wp-content\/uploads\/2025\/03\/Shutterstock_1543616858.jpg 1200w\" sizes=\"(max-width: 640px) 100vw, 800px\" \/><\/span><\/div><\/div><\/div><style type=\"text\/css\">.fusion-body .fusion-builder-column-1{width:50% !important;margin-top : 0px;margin-bottom : 20px;}.fusion-builder-column-1 > .fusion-column-wrapper {padding-top : 0px !important;padding-right : 0px !important;margin-right : 3.84%;padding-bottom : 0px !important;padding-left : 0px !important;margin-left : 3.84%;}@media only screen and (max-width:1024px) {.fusion-body .fusion-builder-column-1{width:50% !important;order : 0;}.fusion-builder-column-1 > .fusion-column-wrapper {margin-right : 3.84%;margin-left : 3.84%;}}@media only screen and (max-width:640px) {.fusion-body .fusion-builder-column-1{width:100% !important;order : 0;}.fusion-builder-column-1 > .fusion-column-wrapper {margin-right : 1.92%;margin-left : 1.92%;}}<\/style><div class=\"fusion-layout-column fusion_builder_column fusion-builder-column-2 fusion_builder_column_1_2 1_2 fusion-flex-column fusion-no-small-visibility\"><div class=\"fusion-column-wrapper fusion-flex-justify-content-flex-start fusion-content-layout-column\" style=\"background-position:left top;background-repeat:no-repeat;-webkit-background-size:cover;-moz-background-size:cover;-o-background-size:cover;background-size:cover;padding: 0px 0px 0px 0px;\"><div ><span class=\" fusion-imageframe imageframe-none imageframe-2 hover-type-none\"><img decoding=\"async\" width=\"1200\" image_height=\"628\" image_id=\"2241\" title=\"Shutterstock_1208232472 (1)\" src=\"https:\/\/theiconlyagency.com\/es\/wp-content\/uploads\/2025\/03\/Shutterstock_1208232472-1.jpg\" class=\"img-responsive wp-image-2241\" srcset=\"https:\/\/theiconlyagency.com\/es\/wp-content\/uploads\/2025\/03\/Shutterstock_1208232472-1-200x105.jpg 200w, https:\/\/theiconlyagency.com\/es\/wp-content\/uploads\/2025\/03\/Shutterstock_1208232472-1-400x209.jpg 400w, https:\/\/theiconlyagency.com\/es\/wp-content\/uploads\/2025\/03\/Shutterstock_1208232472-1-600x314.jpg 600w, https:\/\/theiconlyagency.com\/es\/wp-content\/uploads\/2025\/03\/Shutterstock_1208232472-1-800x419.jpg 800w, https:\/\/theiconlyagency.com\/es\/wp-content\/uploads\/2025\/03\/Shutterstock_1208232472-1.jpg 1200w\" sizes=\"(max-width: 640px) 100vw, 800px\" \/><\/span><\/div><\/div><\/div><style type=\"text\/css\">.fusion-body .fusion-builder-column-2{width:50% !important;margin-top : 0px;margin-bottom : 20px;}.fusion-builder-column-2 > .fusion-column-wrapper {padding-top : 0px !important;padding-right : 0px !important;margin-right : 3.84%;padding-bottom : 0px !important;padding-left : 0px !important;margin-left : 3.84%;}@media only screen and (max-width:1024px) {.fusion-body .fusion-builder-column-2{width:50% !important;order : 0;}.fusion-builder-column-2 > .fusion-column-wrapper {margin-right : 3.84%;margin-left : 3.84%;}}@media only screen and (max-width:640px) {.fusion-body .fusion-builder-column-2{width:100% !important;order : 0;}.fusion-builder-column-2 > .fusion-column-wrapper {margin-right : 1.92%;margin-left : 1.92%;}}<\/style><div class=\"fusion-layout-column fusion_builder_column fusion-builder-column-3 fusion_builder_column_1_1 1_1 fusion-flex-column\"><div class=\"fusion-column-wrapper fusion-flex-justify-content-flex-start fusion-content-layout-column\" style=\"background-position:left top;background-repeat:no-repeat;-webkit-background-size:cover;-moz-background-size:cover;-o-background-size:cover;background-size:cover;padding: 0px 0px 0px 0px;\"><div class=\"fusion-separator fusion-full-width-sep\" style=\"align-self: center;margin-left: auto;margin-right: auto;margin-bottom:60px;width:100%;\"><\/div><div class=\"fusion-text fusion-text-3\"><h2 style=\"text-align: center;\"><span style=\"color: #ffffff;\">TODO LO QUE NECESITAS SABER SOBRE T.I.A.<\/span><\/h2>\n<\/div><div ><span class=\" fusion-imageframe imageframe-none imageframe-3 hover-type-none fusion-no-medium-visibility fusion-no-large-visibility\"><img decoding=\"async\" width=\"1200\" image_height=\"628\" image_id=\"2241\" title=\"Shutterstock_1208232472 (1)\" src=\"https:\/\/theiconlyagency.com\/es\/wp-content\/uploads\/2025\/03\/Shutterstock_1208232472-1.jpg\" class=\"img-responsive wp-image-2241\" srcset=\"https:\/\/theiconlyagency.com\/es\/wp-content\/uploads\/2025\/03\/Shutterstock_1208232472-1-200x105.jpg 200w, https:\/\/theiconlyagency.com\/es\/wp-content\/uploads\/2025\/03\/Shutterstock_1208232472-1-400x209.jpg 400w, https:\/\/theiconlyagency.com\/es\/wp-content\/uploads\/2025\/03\/Shutterstock_1208232472-1-600x314.jpg 600w, https:\/\/theiconlyagency.com\/es\/wp-content\/uploads\/2025\/03\/Shutterstock_1208232472-1-800x419.jpg 800w, https:\/\/theiconlyagency.com\/es\/wp-content\/uploads\/2025\/03\/Shutterstock_1208232472-1.jpg 1200w\" sizes=\"(max-width: 640px) 100vw, 1200px\" \/><\/span><\/div><div class=\"fusion-text fusion-text-4\"><h3 class=\"font_2 wixui-rich-text__text\" style=\"text-align: center;\"><span class=\"color_43 wixui-rich-text__text\" style=\"color: #ffffff;\"><span class=\"wixui-rich-text__text\">&#8220;Tu Camino al Equilibrio, el \u00c9xito y la Libertad&#8221;<\/span><\/span><\/h3>\n<p style=\"text-align: center;\"><span style=\"color: #ffffff;\">The Iconly Agency se dedica a impulsar a influencers conect\u00e1ndolas estrat\u00e9gicamente con<br \/>\nmarcas que se alinean con sus valores y audiencias. Nos enfocamos en crear alianzas sostenibles y rentables que permitan a nuestros clientes alcanzar sus metas personales, profesionales y financieras. Esto se traduce en la libertad de vivir el estilo de vida de un influencer, incluyendo viajes globales y un VIP que todos desear\u00e1n en sus eventos.<\/span><\/p>\n<\/div><\/div><\/div><style type=\"text\/css\">.fusion-body .fusion-builder-column-3{width:100% !important;margin-top : 0px;margin-bottom : 20px;}.fusion-builder-column-3 > .fusion-column-wrapper {padding-top : 0px !important;padding-right : 0px !important;margin-right : 1.92%;padding-bottom : 0px !important;padding-left : 0px !important;margin-left : 1.92%;}@media only screen and (max-width:1024px) {.fusion-body .fusion-builder-column-3{width:100% !important;order : 0;}.fusion-builder-column-3 > .fusion-column-wrapper {margin-right : 1.92%;margin-left : 1.92%;}}@media only screen and (max-width:640px) {.fusion-body .fusion-builder-column-3{width:100% !important;order : 0;}.fusion-builder-column-3 > .fusion-column-wrapper {margin-right : 1.92%;margin-left : 1.92%;}}<\/style><div class=\"fusion-layout-column fusion_builder_column fusion-builder-column-4 fusion_builder_column_1_3 1_3 fusion-flex-column\"><div class=\"fusion-column-wrapper fusion-flex-justify-content-flex-start fusion-content-layout-column\" style=\"background-position:left top;background-repeat:no-repeat;-webkit-background-size:cover;-moz-background-size:cover;-o-background-size:cover;background-size:cover;padding: 0px 0px 0px 0px;\"><div class=\"fusion-text fusion-text-5\"><h3 style=\"text-align: center;\"><span style=\"color: #ffffff;\">Integridad<\/span><\/h3>\n<\/div><div ><span class=\" fusion-imageframe imageframe-none imageframe-4 hover-type-none\"><img decoding=\"async\" width=\"1200\" image_height=\"628\" image_id=\"2356\" title=\"integrity\" src=\"https:\/\/theiconlyagency.com\/es\/wp-content\/uploads\/2025\/04\/integrity.jpg\" class=\"img-responsive wp-image-2356\" srcset=\"https:\/\/theiconlyagency.com\/es\/wp-content\/uploads\/2025\/04\/integrity-200x105.jpg 200w, https:\/\/theiconlyagency.com\/es\/wp-content\/uploads\/2025\/04\/integrity-400x209.jpg 400w, https:\/\/theiconlyagency.com\/es\/wp-content\/uploads\/2025\/04\/integrity-600x314.jpg 600w, https:\/\/theiconlyagency.com\/es\/wp-content\/uploads\/2025\/04\/integrity-800x419.jpg 800w, https:\/\/theiconlyagency.com\/es\/wp-content\/uploads\/2025\/04\/integrity.jpg 1200w\" sizes=\"(max-width: 640px) 100vw, 600px\" \/><\/span><\/div><div class=\"fusion-separator fusion-full-width-sep\" style=\"align-self: center;margin-left: auto;margin-right: auto;margin-bottom:10px;width:100%;\"><\/div><div class=\"fusion-text fusion-text-6\"><p style=\"text-align: center;\"><span style=\"color: #ffffff;\">Valoramos la transparencia, la confianza y la confidencialidad en cada paso de nuestra asociaci\u00f3n, brind\u00e1ndole tranquilidad mientras busca el \u00e9xito.<\/span><\/p>\n<\/div><\/div><\/div><style type=\"text\/css\">.fusion-body .fusion-builder-column-4{width:33.333333333333% !important;margin-top : 0px;margin-bottom : 0px;}.fusion-builder-column-4 > .fusion-column-wrapper {padding-top : 0px !important;padding-right : 0px !important;margin-right : 5.76%;padding-bottom : 0px !important;padding-left : 0px !important;margin-left : 5.76%;}@media only screen and (max-width:1024px) {.fusion-body .fusion-builder-column-4{width:33.333333333333% !important;order : 0;}.fusion-builder-column-4 > .fusion-column-wrapper {margin-right : 5.76%;margin-left : 5.76%;}}@media only screen and (max-width:640px) {.fusion-body .fusion-builder-column-4{width:100% !important;order : 0;}.fusion-builder-column-4 > .fusion-column-wrapper {margin-right : 1.92%;margin-left : 1.92%;}}<\/style><div class=\"fusion-layout-column fusion_builder_column fusion-builder-column-5 fusion_builder_column_1_3 1_3 fusion-flex-column\"><div class=\"fusion-column-wrapper fusion-flex-justify-content-flex-start fusion-content-layout-column\" style=\"background-position:left top;background-repeat:no-repeat;-webkit-background-size:cover;-moz-background-size:cover;-o-background-size:cover;background-size:cover;padding: 0px 0px 0px 0px;\"><div class=\"fusion-text fusion-text-7\"><h3 style=\"text-align: center;\"><span style=\"color: #ffffff;\">Apoyo<\/span><\/h3>\n<\/div><div ><span class=\" fusion-imageframe imageframe-none imageframe-5 hover-type-none\"><img decoding=\"async\" width=\"1200\" image_height=\"628\" image_id=\"2236\" title=\"Shutterstock_220848235\" src=\"https:\/\/theiconlyagency.com\/es\/wp-content\/uploads\/2025\/03\/Shutterstock_220848235.jpg\" class=\"img-responsive wp-image-2236\" srcset=\"https:\/\/theiconlyagency.com\/es\/wp-content\/uploads\/2025\/03\/Shutterstock_220848235-200x105.jpg 200w, https:\/\/theiconlyagency.com\/es\/wp-content\/uploads\/2025\/03\/Shutterstock_220848235-400x209.jpg 400w, https:\/\/theiconlyagency.com\/es\/wp-content\/uploads\/2025\/03\/Shutterstock_220848235-600x314.jpg 600w, https:\/\/theiconlyagency.com\/es\/wp-content\/uploads\/2025\/03\/Shutterstock_220848235-800x419.jpg 800w, https:\/\/theiconlyagency.com\/es\/wp-content\/uploads\/2025\/03\/Shutterstock_220848235.jpg 1200w\" sizes=\"(max-width: 640px) 100vw, 600px\" \/><\/span><\/div><div class=\"fusion-separator fusion-full-width-sep\" style=\"align-self: center;margin-left: auto;margin-right: auto;margin-bottom:10px;width:100%;\"><\/div><div class=\"fusion-text fusion-text-8\"><p style=\"text-align: center;\"><span style=\"color: #ffffff;\">El bienestar es fundamental en nuestra filosof\u00eda. Nuestra comunidad ofrece apoyo emocional y acceso a profesionales para garantizar el cuidado de tu salud mental y emocional.<\/span><\/p>\n<\/div><\/div><\/div><style type=\"text\/css\">.fusion-body .fusion-builder-column-5{width:33.333333333333% !important;margin-top : 0px;margin-bottom : 0px;}.fusion-builder-column-5 > .fusion-column-wrapper {padding-top : 0px !important;padding-right : 0px !important;margin-right : 5.76%;padding-bottom : 0px !important;padding-left : 0px !important;margin-left : 5.76%;}@media only screen and (max-width:1024px) {.fusion-body .fusion-builder-column-5{width:33.333333333333% !important;order : 0;}.fusion-builder-column-5 > .fusion-column-wrapper {margin-right : 5.76%;margin-left : 5.76%;}}@media only screen and (max-width:640px) {.fusion-body .fusion-builder-column-5{width:100% !important;order : 0;}.fusion-builder-column-5 > .fusion-column-wrapper {margin-right : 1.92%;margin-left : 1.92%;}}<\/style><div class=\"fusion-layout-column fusion_builder_column fusion-builder-column-6 fusion_builder_column_1_3 1_3 fusion-flex-column\"><div class=\"fusion-column-wrapper fusion-flex-justify-content-flex-start fusion-content-layout-column\" style=\"background-position:left top;background-repeat:no-repeat;-webkit-background-size:cover;-moz-background-size:cover;-o-background-size:cover;background-size:cover;padding: 0px 0px 0px 0px;\"><div class=\"fusion-text fusion-text-9\"><h3 style=\"text-align: center;\"><span style=\"color: #ffffff;\">Empoderamiento<\/span><\/h3>\n<\/div><div ><span class=\" fusion-imageframe imageframe-none imageframe-6 hover-type-none\"><img decoding=\"async\" width=\"1200\" image_height=\"628\" image_id=\"2235\" title=\"Shutterstock_2150390061\" src=\"https:\/\/theiconlyagency.com\/es\/wp-content\/uploads\/2025\/03\/Shutterstock_2150390061.jpg\" class=\"img-responsive wp-image-2235\" srcset=\"https:\/\/theiconlyagency.com\/es\/wp-content\/uploads\/2025\/03\/Shutterstock_2150390061-200x105.jpg 200w, https:\/\/theiconlyagency.com\/es\/wp-content\/uploads\/2025\/03\/Shutterstock_2150390061-400x209.jpg 400w, https:\/\/theiconlyagency.com\/es\/wp-content\/uploads\/2025\/03\/Shutterstock_2150390061-600x314.jpg 600w, https:\/\/theiconlyagency.com\/es\/wp-content\/uploads\/2025\/03\/Shutterstock_2150390061-800x419.jpg 800w, https:\/\/theiconlyagency.com\/es\/wp-content\/uploads\/2025\/03\/Shutterstock_2150390061.jpg 1200w\" sizes=\"(max-width: 640px) 100vw, 600px\" \/><\/span><\/div><div class=\"fusion-separator fusion-full-width-sep\" style=\"align-self: center;margin-left: auto;margin-right: auto;margin-bottom:10px;width:100%;\"><\/div><div class=\"fusion-text fusion-text-10\"><p style=\"text-align: center;\"><span style=\"color: #ffffff;\">Brindamos a nuestras modelos las herramientas y el apoyo que necesitan para prosperar. Al optimizar las operaciones comerciales y las oportunidades de ingresos, les ayudamos a alcanzar su m\u00e1ximo potencial de ingresos, lo que les permite disfrutar de un estilo de vida verdaderamente pleno.<\/span><\/p>\n<\/div><\/div><\/div><style type=\"text\/css\">.fusion-body .fusion-builder-column-6{width:33.333333333333% !important;margin-top : 0px;margin-bottom : 0px;}.fusion-builder-column-6 > .fusion-column-wrapper {padding-top : 0px !important;padding-right : 0px !important;margin-right : 5.76%;padding-bottom : 0px !important;padding-left : 0px !important;margin-left : 5.76%;}@media only screen and (max-width:1024px) {.fusion-body .fusion-builder-column-6{width:33.333333333333% !important;order : 0;}.fusion-builder-column-6 > .fusion-column-wrapper {margin-right : 5.76%;margin-left : 5.76%;}}@media only screen and (max-width:640px) {.fusion-body .fusion-builder-column-6{width:100% !important;order : 0;}.fusion-builder-column-6 > .fusion-column-wrapper {margin-right : 1.92%;margin-left : 1.92%;}}<\/style><div class=\"fusion-layout-column fusion_builder_column fusion-builder-column-7 fusion_builder_column_1_1 1_1 fusion-flex-column\"><div class=\"fusion-column-wrapper fusion-flex-justify-content-flex-start fusion-content-layout-column\" style=\"background-position:left top;background-repeat:no-repeat;-webkit-background-size:cover;-moz-background-size:cover;-o-background-size:cover;background-size:cover;border-radius:10px 10px 10px 10px;background-color:rgba(0,0,0,0.84);border-width: 1px 1px 1px 1px;border-color:#00bcd4;border-style:solid;border-radius:10px 10px 10px 10px;overflow:hidden;padding: 0px 0px 0px 0px;\"><div class=\"fusion-separator fusion-full-width-sep\" style=\"align-self: center;margin-left: auto;margin-right: auto;margin-top:10px;width:100%;\"><\/div><div class=\"fusion-text fusion-text-11\"><h2 style=\"text-align: center;\"><span style=\"color: #ffffff;\">Empieza hoy mismo: s\u00f3lo te llevar\u00e1 un minuto.<\/span><\/h2>\n<p style=\"text-align: center;\"><span style=\"color: #ffffff;\">Una vez que te unas a nuestra red, tendr\u00e1s acceso a nuestro equipo dedicado, que trabajar\u00e1 incansablemente para ayudarte a maximizar tus ganancias. Te proporcionamos las herramientas, los recursos y la experiencia que necesitas para prosperar, asegur\u00e1ndote el apoyo necesario para alcanzar tu m\u00e1ximo potencial.<\/span><\/p>\n<\/div><div style=\"text-align:center;\"><style type=\"text\/css\">.fusion-button.button-1 {border-radius:10px;}<\/style><a class=\"fusion-button button-flat fusion-button-default-size button-default button-1 fusion-button-default-span fusion-button-default-type\" target=\"_self\" href=\"https:\/\/theiconlyagency.com\/es\/get-started\/\"><span class=\"fusion-button-text\">Empezar<\/span><\/a><\/div><div class=\"fusion-separator fusion-full-width-sep\" style=\"align-self: center;margin-left: auto;margin-right: auto;margin-top:10px;width:100%;\"><\/div><\/div><\/div><style type=\"text\/css\">.fusion-body .fusion-builder-column-7{width:100% !important;margin-top : 0px;margin-bottom : 20px;}.fusion-builder-column-7 > .fusion-column-wrapper {padding-top : 0px !important;padding-right : 0px !important;margin-right : 1.92%;padding-bottom : 0px !important;padding-left : 0px !important;margin-left : 1.92%;}@media only screen and (max-width:1024px) {.fusion-body .fusion-builder-column-7{width:100% !important;order : 0;}.fusion-builder-column-7 > .fusion-column-wrapper {margin-right : 1.92%;margin-left : 1.92%;}}@media only screen and (max-width:640px) {.fusion-body .fusion-builder-column-7{width:100% !important;order : 0;}.fusion-builder-column-7 > .fusion-column-wrapper {margin-right : 1.92%;margin-left : 1.92%;}}<\/style><\/div><style type=\"text\/css\">.fusion-body .fusion-flex-container.fusion-builder-row-1{ padding-top : 100px;margin-top : 0px;padding-right : 0px;padding-bottom : 100px;margin-bottom : 0px;padding-left : 0px;}@media only screen and (max-width:1024px) {.fusion-body .fusion-flex-container.fusion-builder-row-1{ padding-top : 20px;padding-bottom : 20px;}}@media only screen and (max-width:640px) {.fusion-body .fusion-flex-container.fusion-builder-row-1{ padding-top : 20px;padding-bottom : 20px;}}<\/style><\/div>\n","protected":false},"excerpt":{"rendered":"","protected":false},"author":1,"featured_media":0,"parent":0,"menu_order":0,"comment_status":"closed","ping_status":"closed","template":"100-width.php","meta":{"_seopress_robots_primary_cat":"","_seopress_titles_title":"Discover Excellence with The Iconly Agency","_seopress_titles_desc":"Discover The Iconly Agency's creative vision and dedication to elevating brands with innovative strategies. Empower your brand's identity today!","_seopress_robots_index":"","footnotes":""},"class_list":["post-2137","page","type-page","status-publish","hentry"],"_links":{"self":[{"href":"https:\/\/theiconlyagency.com\/es\/wp-json\/wp\/v2\/pages\/2137","targetHints":{"allow":["GET"]}}],"collection":[{"href":"https:\/\/theiconlyagency.com\/es\/wp-json\/wp\/v2\/pages"}],"about":[{"href":"https:\/\/theiconlyagency.com\/es\/wp-json\/wp\/v2\/types\/page"}],"author":[{"embeddable":true,"href":"https:\/\/theiconlyagency.com\/es\/wp-json\/wp\/v2\/users\/1"}],"replies":[{"embeddable":true,"href":"https:\/\/theiconlyagency.com\/es\/wp-json\/wp\/v2\/comments?post=2137"}],"version-history":[{"count":45,"href":"https:\/\/theiconlyagency.com\/es\/wp-json\/wp\/v2\/pages\/2137\/revisions"}],"predecessor-version":[{"id":2158,"href":"https:\/\/theiconlyagency.com\/es\/wp-json\/wp\/v2\/pages\/2137\/revisions\/2158"}],"wp:attachment":[{"href":"https:\/\/theiconlyagency.com\/es\/wp-json\/wp\/v2\/media?parent=2137"}],"curies":[{"name":"wp","href":"https:\/\/api.w.org\/{rel}","templated":true}]}}